{"id":2146,"date":"2024-01-05T12:08:13","date_gmt":"2024-01-05T11:08:13","guid":{"rendered":"https:\/\/solis.pro\/?post_type=product&#038;p=2146"},"modified":"2026-04-05T21:41:05","modified_gmt":"2026-04-05T19:41:05","slug":"borne-digitale-noire-indoor-43-pouces","status":"publish","type":"product","link":"https:\/\/solis.pro\/?product=borne-digitale-noire-indoor-43-pouces","title":{"rendered":"Borne digitale noire INDOOR 43 pouces"},"content":{"rendered":"<p>La borne digitale INDOOR by Solis Digital offre une exp\u00e9rience client et collaborateur unique pour votre entreprise. Cam\u00e9ra int\u00e9gr\u00e9e, microphone, haut-parleurs et mobile pour une utilisation sans limite, que ce soit pour votre communication, votre bureautique ou vos logiciels m\u00e9tiers.<\/p>\n<p>&nbsp;<\/p>\n<h3><strong>Caract\u00e9ristiques :<\/strong><\/h3>\n<p><strong>ECRAN LG 43 pouces<\/strong><\/p>\n<p><strong>Couleur<\/strong> : noire<\/p>\n<p><strong>R\u00e9solution<\/strong> : 1920 x 1080 pixels<\/p>\n<p><strong>Alimentation<\/strong> : AC100 &#8211; 220V<\/p>\n<p><strong>Structure<\/strong> : M\u00e9tal\/Aluminium\/Verre<\/p>\n<p><strong>Audio<\/strong> : 10Wx2<\/p>\n<p><strong>Syst\u00e8me<\/strong> : Windows 10, Intel I5, 4go RAM \/ 64go SSD \/ Micro + 2xUSB + enceinte + wifi + RJ45 + Bluetooth<\/p>\n<p><strong>Technologie tactile<\/strong> : 10 points \/ Infrarouge (IR)<\/p>\n<p>&nbsp;<\/p>\n","protected":false},"excerpt":{"rendered":"<p>La borne digitale INDOOR by Solis Digital offre un exp\u00e9rience client et collaborateur unique pour votre entreprise.<\/p>\n","protected":false},"featured_media":2177,"comment_status":"open","ping_status":"closed","template":"","meta":{"site-sidebar-layout":"default","site-content-layout":"","ast-site-content-layout":"","site-content-style":"default","site-sidebar-style":"default","ast-global-header-display":"","ast-banner-title-visibility":"","ast-main-header-display":"","ast-hfb-above-header-display":"","ast-hfb-below-header-display":"","ast-hfb-mobile-header-display":"","site-post-title":"","ast-breadcrumbs-content":"","ast-featured-img":"","footer-sml-layout":"","theme-transparent-header-meta":"","adv-header-id-meta":"","stick-header-meta":"","header-above-stick-meta":"","header-main-stick-meta":"","header-below-stick-meta":"","astra-migrate-meta-layouts":"default","ast-page-background-enabled":"default","ast-page-background-meta":{"desktop":{"background-color":"var(--ast-global-color-4)","background-image":"","background-repeat":"repeat","background-position":"center center","background-size":"auto","background-attachment":"scroll","background-type":"","background-media":"","overlay-type":"","overlay-color":"","overlay-gradient":""},"tablet":{"background-color":"","background-image":"","background-repeat":"repeat","background-position":"center center","background-size":"auto","background-attachment":"scroll","background-type":"","background-media":"","overlay-type":"","overlay-color":"","overlay-gradient":""},"mobile":{"background-color":"","background-image":"","background-repeat":"repeat","background-position":"center center","background-size":"auto","background-attachment":"scroll","background-type":"","background-media":"","overlay-type":"","overlay-color":"","overlay-gradient":""}},"ast-content-background-meta":{"desktop":{"background-color":"var(--ast-global-color-5)","background-image":"","background-repeat":"repeat","background-position":"center center","background-size":"auto","background-attachment":"scroll","background-type":"","background-media":"","overlay-type":"","overlay-color":"","overlay-gradient":""},"tablet":{"background-color":"var(--ast-global-color-5)","background-image":"","background-repeat":"repeat","background-position":"center center","background-size":"auto","background-attachment":"scroll","background-type":"","background-media":"","overlay-type":"","overlay-color":"","overlay-gradient":""},"mobile":{"background-color":"var(--ast-global-color-5)","background-image":"","background-repeat":"repeat","background-position":"center center","background-size":"auto","background-attachment":"scroll","background-type":"","background-media":"","overlay-type":"","overlay-color":"","overlay-gradient":""}}},"product_brand":[],"product_cat":[47],"product_tag":[],"class_list":{"0":"post-2146","1":"product","2":"type-product","3":"status-publish","4":"has-post-thumbnail","6":"product_cat-borne-indoor-43","7":"desktop-align-left","8":"tablet-align-left","9":"mobile-align-left","11":"first","12":"instock","13":"taxable","14":"shipping-taxable","15":"product-type-simple"},"_links":{"self":[{"href":"https:\/\/solis.pro\/index.php?rest_route=\/wp\/v2\/product\/2146","targetHints":{"allow":["GET"]}}],"collection":[{"href":"https:\/\/solis.pro\/index.php?rest_route=\/wp\/v2\/product"}],"about":[{"href":"https:\/\/solis.pro\/index.php?rest_route=\/wp\/v2\/types\/product"}],"replies":[{"embeddable":true,"href":"https:\/\/solis.pro\/index.php?rest_route=%2Fwp%2Fv2%2Fcomments&post=2146"}],"wp:featuredmedia":[{"embeddable":true,"href":"https:\/\/solis.pro\/index.php?rest_route=\/wp\/v2\/media\/2177"}],"wp:attachment":[{"href":"https:\/\/solis.pro\/index.php?rest_route=%2Fwp%2Fv2%2Fmedia&parent=2146"}],"wp:term":[{"taxonomy":"product_brand","embeddable":true,"href":"https:\/\/solis.pro\/index.php?rest_route=%2Fwp%2Fv2%2Fproduct_brand&post=2146"},{"taxonomy":"product_cat","embeddable":true,"href":"https:\/\/solis.pro\/index.php?rest_route=%2Fwp%2Fv2%2Fproduct_cat&post=2146"},{"taxonomy":"product_tag","embeddable":true,"href":"https:\/\/solis.pro\/index.php?rest_route=%2Fwp%2Fv2%2Fproduct_tag&post=2146"}],"curies":[{"name":"wp","href":"https:\/\/api.w.org\/{rel}","templated":true}]}}